{"id":28,"date":"2024-07-05T14:46:44","date_gmt":"2024-07-05T12:46:44","guid":{"rendered":"https:\/\/decepietra.com\/?page_id=28"},"modified":"2024-09-13T10:52:06","modified_gmt":"2024-09-13T08:52:06","slug":"otras-piedras","status":"publish","type":"page","link":"https:\/\/decepietra.com\/en\/piedras-de-nuestro-catalogo\/otras-piedras\/","title":{"rendered":"Other Stones"},"content":{"rendered":"<div data-elementor-type=\"wp-page\" data-elementor-id=\"28\" class=\"elementor elementor-28\" data-elementor-post-type=\"page\">\n\t\t\t\t<div class=\"elementor-element elementor-element-e8ca131 e-con-full e-flex e-con e-parent\" data-id=\"e8ca131\" data-element_type=\"container\" data-settings=\"{&quot;background_background&quot;:&quot;classic&quot;}\">\n\t\t\t\t<div class=\"elementor-element elementor-element-3531740c elementor-invisible elementor-widget elementor-widget-heading\" data-id=\"3531740c\" data-element_type=\"widget\" data-settings=\"{&quot;_animation&quot;:&quot;fadeInDown&quot;}\" data-widget_type=\"heading.default\">\n\t\t\t\t<div class=\"elementor-widget-container\">\n\t\t\t\t\t<h2 class=\"elementor-heading-title elementor-size-default\">Other Stones<\/h2>\t\t\t\t<\/div>\n\t\t\t\t<\/div>\n\t\t\t\t<\/div>\n\t\t<div class=\"elementor-element elementor-element-22459f13 e-flex e-con-boxed e-con e-parent\" data-id=\"22459f13\" data-element_type=\"container\" data-settings=\"{&quot;background_background&quot;:&quot;classic&quot;}\">\n\t\t\t\t\t<div class=\"e-con-inner\">\n\t\t<div class=\"elementor-element elementor-element-3f157f4c e-con-full e-flex e-con e-child\" data-id=\"3f157f4c\" data-element_type=\"container\">\n\t\t\t\t<div class=\"elementor-element elementor-element-11b9d13 elementor-widget elementor-widget-text-divider\" data-id=\"11b9d13\" data-element_type=\"widget\" data-widget_type=\"text-divider.default\">\n\t\t\t\t<div class=\"elementor-widget-container\">\n\t\t\t\t\t\t\t<div class=\"ee-text-divider\">\n\t\t\t<div class=\"ee-text-divider__divider ee-text-divider__before\"><\/div>\n\t\t\t<h6 class=\"ee-text-divider__text\">\n\t\t\t\t\t\t\t\t\t\tOnyx\t\t\t\t\t\t\t<\/h6>\n\t\t\t<div class=\"ee-text-divider__divider ee-text-divider__after\"><\/div>\n\t\t<\/div>\n\t\t\t\t\t\t<\/div>\n\t\t\t\t<\/div>\n\t\t<div class=\"elementor-element elementor-element-2d254ebe e-con-full e-flex e-con e-child\" data-id=\"2d254ebe\" data-element_type=\"container\">\n\t\t<div class=\"elementor-element elementor-element-2d8392f7 e-con-full e-flex e-con e-child\" data-id=\"2d8392f7\" data-element_type=\"container\" data-settings=\"{&quot;background_background&quot;:&quot;classic&quot;}\">\n\t\t\t\t<div class=\"elementor-element elementor-element-38bcce19 animated-fast elementor-invisible elementor-widget elementor-widget-image\" data-id=\"38bcce19\" data-element_type=\"widget\" data-settings=\"{&quot;_animation&quot;:&quot;pulse&quot;}\" data-widget_type=\"image.default\">\n\t\t\t\t<div class=\"elementor-widget-container\">\n\t\t\t\t\t\t\t\t\t\t\t\t\t\t\t<img decoding=\"async\" width=\"150\" height=\"150\" src=\"https:\/\/decepietra.com\/wp-content\/uploads\/2024\/07\/ejemplo-2-150x150.jpg\" class=\"attachment-thumbnail size-thumbnail wp-image-897\" alt=\"\" srcset=\"https:\/\/decepietra.com\/wp-content\/uploads\/2024\/07\/ejemplo-2-150x150.jpg 150w, https:\/\/decepietra.com\/wp-content\/uploads\/2024\/07\/ejemplo-2-300x300.jpg 300w, https:\/\/decepietra.com\/wp-content\/uploads\/2024\/07\/ejemplo-2-1024x1024.jpg 1024w, https:\/\/decepietra.com\/wp-content\/uploads\/2024\/07\/ejemplo-2-768x768.jpg 768w, https:\/\/decepietra.com\/wp-content\/uploads\/2024\/07\/ejemplo-2-1536x1536.jpg 1536w, https:\/\/decepietra.com\/wp-content\/uploads\/2024\/07\/ejemplo-2-2048x2048.jpg 2048w\" sizes=\"(max-width: 150px) 100vw, 150px\" \/>\t\t\t\t\t\t\t\t\t\t\t\t\t\t\t<\/div>\n\t\t\t\t<\/div>\n\t\t\t\t<div class=\"elementor-element elementor-element-6810e44e elementor-widget elementor-widget-text-editor\" data-id=\"6810e44e\" data-element_type=\"widget\" data-widget_type=\"text-editor.default\">\n\t\t\t\t<div class=\"elementor-widget-container\">\n\t\t\t\t\t\t\t\t\t<p>Onyx Black<\/p>\t\t\t\t\t\t\t\t<\/div>\n\t\t\t\t<\/div>\n\t\t\t\t<\/div>\n\t\t<div class=\"elementor-element elementor-element-d5a17a0 e-con-full e-flex e-con e-child\" data-id=\"d5a17a0\" data-element_type=\"container\" data-settings=\"{&quot;background_background&quot;:&quot;classic&quot;}\">\n\t\t\t\t<div class=\"elementor-element elementor-element-cadc35e animated-fast elementor-invisible elementor-widget elementor-widget-image\" data-id=\"cadc35e\" data-element_type=\"widget\" data-settings=\"{&quot;_animation&quot;:&quot;pulse&quot;}\" data-widget_type=\"image.default\">\n\t\t\t\t<div class=\"elementor-widget-container\">\n\t\t\t\t\t\t\t\t\t\t\t\t\t\t\t<img decoding=\"async\" width=\"150\" height=\"150\" src=\"https:\/\/decepietra.com\/wp-content\/uploads\/2024\/07\/muestra-51-150x150.jpg\" class=\"attachment-thumbnail size-thumbnail wp-image-695\" alt=\"\" srcset=\"https:\/\/decepietra.com\/wp-content\/uploads\/2024\/07\/muestra-51-150x150.jpg 150w, https:\/\/decepietra.com\/wp-content\/uploads\/2024\/07\/muestra-51-300x300.jpg 300w, https:\/\/decepietra.com\/wp-content\/uploads\/2024\/07\/muestra-51-1024x1024.jpg 1024w, https:\/\/decepietra.com\/wp-content\/uploads\/2024\/07\/muestra-51-768x768.jpg 768w, https:\/\/decepietra.com\/wp-content\/uploads\/2024\/07\/muestra-51.jpg 1370w\" sizes=\"(max-width: 150px) 100vw, 150px\" \/>\t\t\t\t\t\t\t\t\t\t\t\t\t\t\t<\/div>\n\t\t\t\t<\/div>\n\t\t\t\t<div class=\"elementor-element elementor-element-f4d4005 elementor-widget elementor-widget-text-editor\" data-id=\"f4d4005\" data-element_type=\"widget\" data-widget_type=\"text-editor.default\">\n\t\t\t\t<div class=\"elementor-widget-container\">\n\t\t\t\t\t\t\t\t\t<p>Onyx Green<\/p>\t\t\t\t\t\t\t\t<\/div>\n\t\t\t\t<\/div>\n\t\t\t\t<\/div>\n\t\t\t\t<\/div>\n\t\t\t\t<\/div>\n\t\t\t\t\t<\/div>\n\t\t\t\t<\/div>\n\t\t<div class=\"elementor-element elementor-element-598accd1 e-flex e-con-boxed e-con e-parent\" data-id=\"598accd1\" data-element_type=\"container\" data-settings=\"{&quot;background_background&quot;:&quot;classic&quot;}\">\n\t\t\t\t\t<div class=\"e-con-inner\">\n\t\t<div class=\"elementor-element elementor-element-584c850 e-con-full e-flex e-con e-child\" data-id=\"584c850\" data-element_type=\"container\">\n\t\t\t\t<div class=\"elementor-element elementor-element-359c2040 elementor-widget__width-initial elementor-widget-tablet__width-initial elementor-widget elementor-widget-text-editor\" data-id=\"359c2040\" data-element_type=\"widget\" data-widget_type=\"text-editor.default\">\n\t\t\t\t<div class=\"elementor-widget-container\">\n\t\t\t\t\t\t\t\t\t<p>Para pedir presupuesto y ayudarte a resolver tus dudas<\/p>\t\t\t\t\t\t\t\t<\/div>\n\t\t\t\t<\/div>\n\t\t\t\t<div class=\"elementor-element elementor-element-2e60d797 elementor-widget elementor-widget-button\" data-id=\"2e60d797\" data-element_type=\"widget\" data-widget_type=\"button.default\">\n\t\t\t\t<div class=\"elementor-widget-container\">\n\t\t\t\t\t\t\t\t\t<div class=\"elementor-button-wrapper\">\n\t\t\t\t\t<a class=\"elementor-button elementor-button-link elementor-size-sm\" href=\"https:\/\/decepietra.com\/en\/contacto\/\" https=\"\" aria-label=\"Ir al sitio web de Decepietra\">\n\t\t\t\t\t\t<span class=\"elementor-button-content-wrapper\">\n\t\t\t\t\t\t\t\t\t<span class=\"elementor-button-text\">Contact<\/span>\n\t\t\t\t\t<\/span>\n\t\t\t\t\t<\/a>\n\t\t\t\t<\/div>\n\t\t\t\t\t\t\t\t<\/div>\n\t\t\t\t<\/div>\n\t\t\t\t<\/div>\n\t\t<div class=\"elementor-element elementor-element-26b277f e-con-full e-flex e-con e-child\" data-id=\"26b277f\" data-element_type=\"container\">\n\t\t\t\t<div class=\"elementor-element elementor-element-c00900a elementor-widget__width-initial elementor-widget-tablet__width-initial elementor-widget elementor-widget-text-editor\" data-id=\"c00900a\" data-element_type=\"widget\" data-widget_type=\"text-editor.default\">\n\t\t\t\t<div class=\"elementor-widget-container\">\n\t\t\t\t\t\t\t\t\t<p>Si quieres ver nuestro cat\u00e1logo actualizado al d\u00eda y algunos renders<\/p>\t\t\t\t\t\t\t\t<\/div>\n\t\t\t\t<\/div>\n\t\t\t\t<div class=\"elementor-element elementor-element-9f76f4e elementor-widget elementor-widget-button\" data-id=\"9f76f4e\" data-element_type=\"widget\" data-widget_type=\"button.default\">\n\t\t\t\t<div class=\"elementor-widget-container\">\n\t\t\t\t\t\t\t\t\t<div class=\"elementor-button-wrapper\">\n\t\t\t\t\t<a class=\"elementor-button elementor-button-link elementor-size-sm\" href=\"https:\/\/drive.google.com\/drive\/folders\/1jPp0a-Ad0Q9YxNvVdzM7IBRNiNoQkiPN\" target=\"_blank\" https=\"\">\n\t\t\t\t\t\t<span class=\"elementor-button-content-wrapper\">\n\t\t\t\t\t\t\t\t\t<span class=\"elementor-button-text\">Mirar aqu\u00ed<\/span>\n\t\t\t\t\t<\/span>\n\t\t\t\t\t<\/a>\n\t\t\t\t<\/div>\n\t\t\t\t\t\t\t\t<\/div>\n\t\t\t\t<\/div>\n\t\t\t\t<\/div>\n\t\t\t\t\t<\/div>\n\t\t\t\t<\/div>\n\t\t\t\t<\/div>","protected":false},"excerpt":{"rendered":"<p>Otras Piedras \u00d3nix Onyx Black Onyx Green Para pedir presupuesto y ayudarte a resolver tus dudas Contacto Si quieres ver nuestro cat\u00e1logo actualizado al d\u00eda y algunos renders Mirar aqu\u00ed<\/p>","protected":false},"author":1,"featured_media":0,"parent":16,"menu_order":0,"comment_status":"closed","ping_status":"closed","template":"","meta":{"_joinchat":[],"footnotes":""},"class_list":["post-28","page","type-page","status-publish"],"yoast_head":"<!-- This site is optimized with the Yoast SEO Premium plugin v23.0 (Yoast SEO v25.9) - https:\/\/yoast.com\/wordpress\/plugins\/seo\/ -->\n<title>Otras Piedras - Dece \u00e8 Pietra<\/title>\n<meta name=\"description\" content=\"Encuentra otros tipos de piedras naturales que hay en nuestros almacenes para recubrir y revestir superficies, embelleci\u00e9ndolas y volvi\u00e9ndolas \u00fanicas.\" \/>\n<meta name=\"robots\" content=\"index, follow, max-snippet:-1, max-image-preview:large, max-video-preview:-1\" \/>\n<link rel=\"canonical\" href=\"https:\/\/decepietra.com\/en\/piedras-de-nuestro-catalogo\/otras-piedras\/\" \/>\n<meta property=\"og:locale\" content=\"en_GB\" \/>\n<meta property=\"og:type\" content=\"article\" \/>\n<meta property=\"og:title\" content=\"Otras Piedras\" \/>\n<meta property=\"og:description\" content=\"Encuentra otros tipos de piedras naturales que hay en nuestros almacenes para recubrir y revestir superficies, embelleci\u00e9ndolas y volvi\u00e9ndolas \u00fanicas.\" \/>\n<meta property=\"og:url\" content=\"https:\/\/decepietra.com\/en\/piedras-de-nuestro-catalogo\/otras-piedras\/\" \/>\n<meta property=\"og:site_name\" content=\"Dece \u00e8 Pietra\" \/>\n<meta property=\"article:publisher\" content=\"https:\/\/es-es.facebook.com\/decepietra\/\" \/>\n<meta property=\"article:modified_time\" content=\"2024-09-13T08:52:06+00:00\" \/>\n<meta property=\"og:image\" content=\"http:\/\/decepietra.com\/wp-content\/uploads\/2024\/07\/ejemplo-2-150x150.jpg\" \/>\n<meta name=\"twitter:card\" content=\"summary_large_image\" \/>\n<meta name=\"twitter:label1\" content=\"Estimated reading time\" \/>\n\t<meta name=\"twitter:data1\" content=\"1 minute\" \/>\n<script type=\"application\/ld+json\" class=\"yoast-schema-graph\">{\"@context\":\"https:\/\/schema.org\",\"@graph\":[{\"@type\":\"WebPage\",\"@id\":\"https:\/\/decepietra.com\/en\/piedras-de-nuestro-catalogo\/otras-piedras\/\",\"url\":\"https:\/\/decepietra.com\/en\/piedras-de-nuestro-catalogo\/otras-piedras\/\",\"name\":\"Otras Piedras - Dece \u00e8 Pietra\",\"isPartOf\":{\"@id\":\"https:\/\/decepietra.com\/#website\"},\"primaryImageOfPage\":{\"@id\":\"https:\/\/decepietra.com\/en\/piedras-de-nuestro-catalogo\/otras-piedras\/#primaryimage\"},\"image\":{\"@id\":\"https:\/\/decepietra.com\/en\/piedras-de-nuestro-catalogo\/otras-piedras\/#primaryimage\"},\"thumbnailUrl\":\"http:\/\/decepietra.com\/wp-content\/uploads\/2024\/07\/ejemplo-2-150x150.jpg\",\"datePublished\":\"2024-07-05T12:46:44+00:00\",\"dateModified\":\"2024-09-13T08:52:06+00:00\",\"description\":\"Encuentra otros tipos de piedras naturales que hay en nuestros almacenes para recubrir y revestir superficies, embelleci\u00e9ndolas y volvi\u00e9ndolas \u00fanicas.\",\"breadcrumb\":{\"@id\":\"https:\/\/decepietra.com\/en\/piedras-de-nuestro-catalogo\/otras-piedras\/#breadcrumb\"},\"inLanguage\":\"en-GB\",\"potentialAction\":[{\"@type\":\"ReadAction\",\"target\":[\"https:\/\/decepietra.com\/en\/piedras-de-nuestro-catalogo\/otras-piedras\/\"]}]},{\"@type\":\"ImageObject\",\"inLanguage\":\"en-GB\",\"@id\":\"https:\/\/decepietra.com\/en\/piedras-de-nuestro-catalogo\/otras-piedras\/#primaryimage\",\"url\":\"http:\/\/decepietra.com\/wp-content\/uploads\/2024\/07\/ejemplo-2-150x150.jpg\",\"contentUrl\":\"http:\/\/decepietra.com\/wp-content\/uploads\/2024\/07\/ejemplo-2-150x150.jpg\"},{\"@type\":\"BreadcrumbList\",\"@id\":\"https:\/\/decepietra.com\/en\/piedras-de-nuestro-catalogo\/otras-piedras\/#breadcrumb\",\"itemListElement\":[{\"@type\":\"ListItem\",\"position\":1,\"name\":\"Portada\",\"item\":\"http:\/\/decepietra.com\/\"},{\"@type\":\"ListItem\",\"position\":2,\"name\":\"Materiales\",\"item\":\"https:\/\/decepietra.com\/piedras-de-nuestro-catalogo\/\"},{\"@type\":\"ListItem\",\"position\":3,\"name\":\"Otras Piedras\"}]},{\"@type\":\"WebSite\",\"@id\":\"https:\/\/decepietra.com\/#website\",\"url\":\"https:\/\/decepietra.com\/\",\"name\":\"Dece \u00e8 Pietra\",\"description\":\"\",\"publisher\":{\"@id\":\"https:\/\/decepietra.com\/#organization\"},\"potentialAction\":[{\"@type\":\"SearchAction\",\"target\":{\"@type\":\"EntryPoint\",\"urlTemplate\":\"https:\/\/decepietra.com\/?s={search_term_string}\"},\"query-input\":{\"@type\":\"PropertyValueSpecification\",\"valueRequired\":true,\"valueName\":\"search_term_string\"}}],\"inLanguage\":\"en-GB\"},{\"@type\":\"Organization\",\"@id\":\"https:\/\/decepietra.com\/#organization\",\"name\":\"Dece \u00e8 Pietra\",\"url\":\"https:\/\/decepietra.com\/\",\"logo\":{\"@type\":\"ImageObject\",\"inLanguage\":\"en-GB\",\"@id\":\"https:\/\/decepietra.com\/#\/schema\/logo\/image\/\",\"url\":\"https:\/\/decepietra.com\/wp-content\/uploads\/2024\/07\/WhatsApp_Image_2024-07-30_at_10.59.48-removebg-preview.png\",\"contentUrl\":\"https:\/\/decepietra.com\/wp-content\/uploads\/2024\/07\/WhatsApp_Image_2024-07-30_at_10.59.48-removebg-preview.png\",\"width\":150,\"height\":142,\"caption\":\"Dece \u00e8 Pietra\"},\"image\":{\"@id\":\"https:\/\/decepietra.com\/#\/schema\/logo\/image\/\"},\"sameAs\":[\"https:\/\/es-es.facebook.com\/decepietra\/\",\"https:\/\/www.instagram.com\/decepietra\/?locale=es\"],\"email\":\"info@decepietra.com\",\"telephone\":\"+34 965 624 066\",\"foundingDate\":\"2014-10-31\"}]}<\/script>\n<!-- \/ Yoast SEO Premium plugin. -->","yoast_head_json":{"title":"Otras Piedras - Dece \u00e8 Pietra","description":"Encuentra otros tipos de piedras naturales que hay en nuestros almacenes para recubrir y revestir superficies, embelleci\u00e9ndolas y volvi\u00e9ndolas \u00fanicas.","robots":{"index":"index","follow":"follow","max-snippet":"max-snippet:-1","max-image-preview":"max-image-preview:large","max-video-preview":"max-video-preview:-1"},"canonical":"https:\/\/decepietra.com\/en\/piedras-de-nuestro-catalogo\/otras-piedras\/","og_locale":"en_GB","og_type":"article","og_title":"Otras Piedras","og_description":"Encuentra otros tipos de piedras naturales que hay en nuestros almacenes para recubrir y revestir superficies, embelleci\u00e9ndolas y volvi\u00e9ndolas \u00fanicas.","og_url":"https:\/\/decepietra.com\/en\/piedras-de-nuestro-catalogo\/otras-piedras\/","og_site_name":"Dece \u00e8 Pietra","article_publisher":"https:\/\/es-es.facebook.com\/decepietra\/","article_modified_time":"2024-09-13T08:52:06+00:00","og_image":[{"url":"http:\/\/decepietra.com\/wp-content\/uploads\/2024\/07\/ejemplo-2-150x150.jpg","type":"","width":"","height":""}],"twitter_card":"summary_large_image","twitter_misc":{"Estimated reading time":"1 minute"},"schema":{"@context":"https:\/\/schema.org","@graph":[{"@type":"WebPage","@id":"https:\/\/decepietra.com\/en\/piedras-de-nuestro-catalogo\/otras-piedras\/","url":"https:\/\/decepietra.com\/en\/piedras-de-nuestro-catalogo\/otras-piedras\/","name":"Otras Piedras - Dece \u00e8 Pietra","isPartOf":{"@id":"https:\/\/decepietra.com\/#website"},"primaryImageOfPage":{"@id":"https:\/\/decepietra.com\/en\/piedras-de-nuestro-catalogo\/otras-piedras\/#primaryimage"},"image":{"@id":"https:\/\/decepietra.com\/en\/piedras-de-nuestro-catalogo\/otras-piedras\/#primaryimage"},"thumbnailUrl":"http:\/\/decepietra.com\/wp-content\/uploads\/2024\/07\/ejemplo-2-150x150.jpg","datePublished":"2024-07-05T12:46:44+00:00","dateModified":"2024-09-13T08:52:06+00:00","description":"Encuentra otros tipos de piedras naturales que hay en nuestros almacenes para recubrir y revestir superficies, embelleci\u00e9ndolas y volvi\u00e9ndolas \u00fanicas.","breadcrumb":{"@id":"https:\/\/decepietra.com\/en\/piedras-de-nuestro-catalogo\/otras-piedras\/#breadcrumb"},"inLanguage":"en-GB","potentialAction":[{"@type":"ReadAction","target":["https:\/\/decepietra.com\/en\/piedras-de-nuestro-catalogo\/otras-piedras\/"]}]},{"@type":"ImageObject","inLanguage":"en-GB","@id":"https:\/\/decepietra.com\/en\/piedras-de-nuestro-catalogo\/otras-piedras\/#primaryimage","url":"http:\/\/decepietra.com\/wp-content\/uploads\/2024\/07\/ejemplo-2-150x150.jpg","contentUrl":"http:\/\/decepietra.com\/wp-content\/uploads\/2024\/07\/ejemplo-2-150x150.jpg"},{"@type":"BreadcrumbList","@id":"https:\/\/decepietra.com\/en\/piedras-de-nuestro-catalogo\/otras-piedras\/#breadcrumb","itemListElement":[{"@type":"ListItem","position":1,"name":"Portada","item":"http:\/\/decepietra.com\/"},{"@type":"ListItem","position":2,"name":"Materiales","item":"https:\/\/decepietra.com\/piedras-de-nuestro-catalogo\/"},{"@type":"ListItem","position":3,"name":"Otras Piedras"}]},{"@type":"WebSite","@id":"https:\/\/decepietra.com\/#website","url":"https:\/\/decepietra.com\/","name":"Dece \u00e8 Pietra","description":"","publisher":{"@id":"https:\/\/decepietra.com\/#organization"},"potentialAction":[{"@type":"SearchAction","target":{"@type":"EntryPoint","urlTemplate":"https:\/\/decepietra.com\/?s={search_term_string}"},"query-input":{"@type":"PropertyValueSpecification","valueRequired":true,"valueName":"search_term_string"}}],"inLanguage":"en-GB"},{"@type":"Organization","@id":"https:\/\/decepietra.com\/#organization","name":"Dece \u00e8 Pietra","url":"https:\/\/decepietra.com\/","logo":{"@type":"ImageObject","inLanguage":"en-GB","@id":"https:\/\/decepietra.com\/#\/schema\/logo\/image\/","url":"https:\/\/decepietra.com\/wp-content\/uploads\/2024\/07\/WhatsApp_Image_2024-07-30_at_10.59.48-removebg-preview.png","contentUrl":"https:\/\/decepietra.com\/wp-content\/uploads\/2024\/07\/WhatsApp_Image_2024-07-30_at_10.59.48-removebg-preview.png","width":150,"height":142,"caption":"Dece \u00e8 Pietra"},"image":{"@id":"https:\/\/decepietra.com\/#\/schema\/logo\/image\/"},"sameAs":["https:\/\/es-es.facebook.com\/decepietra\/","https:\/\/www.instagram.com\/decepietra\/?locale=es"],"email":"info@decepietra.com","telephone":"+34 965 624 066","foundingDate":"2014-10-31"}]}},"_links":{"self":[{"href":"https:\/\/decepietra.com\/en\/wp-json\/wp\/v2\/pages\/28","targetHints":{"allow":["GET"]}}],"collection":[{"href":"https:\/\/decepietra.com\/en\/wp-json\/wp\/v2\/pages"}],"about":[{"href":"https:\/\/decepietra.com\/en\/wp-json\/wp\/v2\/types\/page"}],"author":[{"embeddable":true,"href":"https:\/\/decepietra.com\/en\/wp-json\/wp\/v2\/users\/1"}],"replies":[{"embeddable":true,"href":"https:\/\/decepietra.com\/en\/wp-json\/wp\/v2\/comments?post=28"}],"version-history":[{"count":64,"href":"https:\/\/decepietra.com\/en\/wp-json\/wp\/v2\/pages\/28\/revisions"}],"predecessor-version":[{"id":4543,"href":"https:\/\/decepietra.com\/en\/wp-json\/wp\/v2\/pages\/28\/revisions\/4543"}],"up":[{"embeddable":true,"href":"https:\/\/decepietra.com\/en\/wp-json\/wp\/v2\/pages\/16"}],"wp:attachment":[{"href":"https:\/\/decepietra.com\/en\/wp-json\/wp\/v2\/media?parent=28"}],"curies":[{"name":"wp","href":"https:\/\/api.w.org\/{rel}","templated":true}]}}