{"id":391,"date":"2024-07-09T07:14:51","date_gmt":"2024-07-09T05:14:51","guid":{"rendered":"https:\/\/decepietra.com\/?page_id=391"},"modified":"2024-07-18T12:02:18","modified_gmt":"2024-07-18T10:02:18","slug":"aviso-legal","status":"publish","type":"page","link":"https:\/\/decepietra.com\/en\/aviso-legal\/","title":{"rendered":"Legal Notice"},"content":{"rendered":"<div data-elementor-type=\"wp-page\" data-elementor-id=\"391\" class=\"elementor elementor-391\" data-elementor-post-type=\"page\">\n\t\t\t\t<div class=\"elementor-element elementor-element-207b896a e-con-full e-flex e-con e-parent\" data-id=\"207b896a\" data-element_type=\"container\" data-settings=\"{&quot;background_background&quot;:&quot;classic&quot;}\">\n\t\t\t\t<div class=\"elementor-element elementor-element-e540d5a elementor-widget elementor-widget-spacer\" data-id=\"e540d5a\" data-element_type=\"widget\" data-widget_type=\"spacer.default\">\n\t\t\t\t<div class=\"elementor-widget-container\">\n\t\t\t\t\t\t\t<div class=\"elementor-spacer\">\n\t\t\t<div class=\"elementor-spacer-inner\"><\/div>\n\t\t<\/div>\n\t\t\t\t\t\t<\/div>\n\t\t\t\t<\/div>\n\t\t\t\t<div class=\"elementor-element elementor-element-4979681 elementor-widget elementor-widget-heading\" data-id=\"4979681\" data-element_type=\"widget\" data-widget_type=\"heading.default\">\n\t\t\t\t<div class=\"elementor-widget-container\">\n\t\t\t\t\t<h2 class=\"elementor-heading-title elementor-size-default\">Legal Notice<\/h2>\t\t\t\t<\/div>\n\t\t\t\t<\/div>\n\t\t\t\t<div class=\"elementor-element elementor-element-e7e34ef elementor-widget elementor-widget-spacer\" data-id=\"e7e34ef\" data-element_type=\"widget\" data-widget_type=\"spacer.default\">\n\t\t\t\t<div class=\"elementor-widget-container\">\n\t\t\t\t\t\t\t<div class=\"elementor-spacer\">\n\t\t\t<div class=\"elementor-spacer-inner\"><\/div>\n\t\t<\/div>\n\t\t\t\t\t\t<\/div>\n\t\t\t\t<\/div>\n\t\t\t\t<div class=\"elementor-element elementor-element-69de3790 elementor-widget__width-initial elementor-widget-laptop__width-initial elementor-widget-tablet_extra__width-initial elementor-widget elementor-widget-text-editor\" data-id=\"69de3790\" data-element_type=\"widget\" data-widget_type=\"text-editor.default\">\n\t\t\t\t<div class=\"elementor-widget-container\">\n\t\t\t\t\t\t\t\t\t\n<p>Dece e Pietra se obliga al cumplimiento de la normativa aplicable sobre el correcto uso y tratamiento de los datos de car\u00e1cter personal y legislaci\u00f3n relativa al comercio electr\u00f3nico.<br \/>La navegaci\u00f3n en nuestro Sitio Web no requiere ning\u00fan tipo de registro, lo cual permite que visite nuestra p\u00e1gina web sin necesidad de identificarse. Sin embargo, para algunos servicios y en especial aquellos espacios de participaci\u00f3n, es necesario que facilite sus datos personales. En tal caso le informaremos caso por caso de la finalidad del tratamiento, responsable del fichero y dem\u00e1s circunstancias relacionadas con datos personales. En estas situaciones, si decide no revelar determinados datos personales solicitados no ser\u00e1 posible el acceso a determinadas secciones de la p\u00e1gina web y no podremos ofrecerles los servicios correspondientes. Durante el tratamiento de sus datos personales tomamos medidas dise\u00f1adas adecuadamente para proteger dicha informaci\u00f3n ante posibles p\u00e9rdidas, uso inadecuado, acceso no autorizado, revelaci\u00f3n, alteraci\u00f3n o destrucci\u00f3n. En cumplimiento de la Ley Org\u00e1nica 3\/2018, del 5 de diciembre de Protecci\u00f3n de Datos de Car\u00e1cter Personal y Garant\u00eda de los Derechos Digitales, le informamos que mediante la cumplimentaci\u00f3n de cualquiera de los formularios de este sitio web, sus datos quedar\u00e1n incorporados a nuestros ficheros y tratados con el fin de ofrecerle nuestras promociones.<br \/>Puede ejercer sus derechos de acceso, rectificaci\u00f3n cancelaci\u00f3n y oposici\u00f3n de sus datos a trav\u00e9s de info@decepietra.com o Avenida Mar\u00eda Cristina 54, Apdo. Correos \u201c*\u201d, 03660, Novelda, Alicante.<\/p>\n\t\t\t\t\t\t\t\t<\/div>\n\t\t\t\t<\/div>\n\t\t\t\t<div class=\"elementor-element elementor-element-fc2ec42 elementor-widget elementor-widget-spacer\" data-id=\"fc2ec42\" data-element_type=\"widget\" data-widget_type=\"spacer.default\">\n\t\t\t\t<div class=\"elementor-widget-container\">\n\t\t\t\t\t\t\t<div class=\"elementor-spacer\">\n\t\t\t<div class=\"elementor-spacer-inner\"><\/div>\n\t\t<\/div>\n\t\t\t\t\t\t<\/div>\n\t\t\t\t<\/div>\n\t\t\t\t<\/div>\n\t\t\t\t<\/div>","protected":false},"excerpt":{"rendered":"<p>Aviso Legal Dece e Pietra se obliga al cumplimiento de la normativa aplicable sobre el correcto uso y tratamiento de los datos de car\u00e1cter personal y legislaci\u00f3n relativa al comercio electr\u00f3nico.La navegaci\u00f3n en nuestro Sitio Web no requiere ning\u00fan tipo de registro, lo cual permite que visite nuestra p\u00e1gina web sin necesidad de identificarse. Sin &#8230; <a title=\"Legal Notice\" class=\"read-more\" href=\"https:\/\/decepietra.com\/en\/aviso-legal\/\" aria-label=\"Read more about Aviso Legal\">Read more<\/a><\/p>","protected":false},"author":1,"featured_media":0,"parent":0,"menu_order":0,"comment_status":"closed","ping_status":"closed","template":"","meta":{"_joinchat":[],"footnotes":""},"class_list":["post-391","page","type-page","status-publish"],"yoast_head":"<!-- This site is optimized with the Yoast SEO Premium plugin v23.0 (Yoast SEO v25.9) - https:\/\/yoast.com\/wordpress\/plugins\/seo\/ -->\n<title>Aviso Legal - Dece \u00e8 Pietra<\/title>\n<meta name=\"robots\" content=\"index, follow, max-snippet:-1, max-image-preview:large, max-video-preview:-1\" \/>\n<link rel=\"canonical\" href=\"http:\/\/decepietra.com\/en\/aviso-legal\/\" \/>\n<meta property=\"og:locale\" content=\"en_GB\" \/>\n<meta property=\"og:type\" content=\"article\" \/>\n<meta property=\"og:title\" content=\"Aviso Legal\" \/>\n<meta property=\"og:description\" content=\"Aviso Legal Dece e Pietra se obliga al cumplimiento de la normativa aplicable sobre el correcto uso y tratamiento de los datos de car\u00e1cter personal y legislaci\u00f3n relativa al comercio electr\u00f3nico.La navegaci\u00f3n en nuestro Sitio Web no requiere ning\u00fan tipo de registro, lo cual permite que visite nuestra p\u00e1gina web sin necesidad de identificarse. Sin ... Read more\" \/>\n<meta property=\"og:url\" content=\"http:\/\/decepietra.com\/en\/aviso-legal\/\" \/>\n<meta property=\"og:site_name\" content=\"Dece \u00e8 Pietra\" \/>\n<meta property=\"article:publisher\" content=\"https:\/\/es-es.facebook.com\/decepietra\/\" \/>\n<meta property=\"article:modified_time\" content=\"2024-07-18T10:02:18+00:00\" \/>\n<meta name=\"twitter:card\" content=\"summary_large_image\" \/>\n<meta name=\"twitter:label1\" content=\"Estimated reading time\" \/>\n\t<meta name=\"twitter:data1\" content=\"2 minutes\" \/>\n<script type=\"application\/ld+json\" class=\"yoast-schema-graph\">{\"@context\":\"https:\/\/schema.org\",\"@graph\":[{\"@type\":\"WebPage\",\"@id\":\"http:\/\/decepietra.com\/it\/aviso-legal\/\",\"url\":\"http:\/\/decepietra.com\/it\/aviso-legal\/\",\"name\":\"Aviso Legal - Dece \u00e8 Pietra\",\"isPartOf\":{\"@id\":\"https:\/\/decepietra.com\/#website\"},\"datePublished\":\"2024-07-09T05:14:51+00:00\",\"dateModified\":\"2024-07-18T10:02:18+00:00\",\"breadcrumb\":{\"@id\":\"http:\/\/decepietra.com\/it\/aviso-legal\/#breadcrumb\"},\"inLanguage\":\"en-GB\",\"potentialAction\":[{\"@type\":\"ReadAction\",\"target\":[\"http:\/\/decepietra.com\/it\/aviso-legal\/\"]}]},{\"@type\":\"BreadcrumbList\",\"@id\":\"http:\/\/decepietra.com\/it\/aviso-legal\/#breadcrumb\",\"itemListElement\":[{\"@type\":\"ListItem\",\"position\":1,\"name\":\"Portada\",\"item\":\"http:\/\/decepietra.com\/\"},{\"@type\":\"ListItem\",\"position\":2,\"name\":\"Aviso Legal\"}]},{\"@type\":\"WebSite\",\"@id\":\"https:\/\/decepietra.com\/#website\",\"url\":\"https:\/\/decepietra.com\/\",\"name\":\"Dece \u00e8 Pietra\",\"description\":\"\",\"publisher\":{\"@id\":\"https:\/\/decepietra.com\/#organization\"},\"potentialAction\":[{\"@type\":\"SearchAction\",\"target\":{\"@type\":\"EntryPoint\",\"urlTemplate\":\"https:\/\/decepietra.com\/?s={search_term_string}\"},\"query-input\":{\"@type\":\"PropertyValueSpecification\",\"valueRequired\":true,\"valueName\":\"search_term_string\"}}],\"inLanguage\":\"en-GB\"},{\"@type\":\"Organization\",\"@id\":\"https:\/\/decepietra.com\/#organization\",\"name\":\"Dece \u00e8 Pietra\",\"url\":\"https:\/\/decepietra.com\/\",\"logo\":{\"@type\":\"ImageObject\",\"inLanguage\":\"en-GB\",\"@id\":\"https:\/\/decepietra.com\/#\/schema\/logo\/image\/\",\"url\":\"https:\/\/decepietra.com\/wp-content\/uploads\/2024\/07\/WhatsApp_Image_2024-07-30_at_10.59.48-removebg-preview.png\",\"contentUrl\":\"https:\/\/decepietra.com\/wp-content\/uploads\/2024\/07\/WhatsApp_Image_2024-07-30_at_10.59.48-removebg-preview.png\",\"width\":150,\"height\":142,\"caption\":\"Dece \u00e8 Pietra\"},\"image\":{\"@id\":\"https:\/\/decepietra.com\/#\/schema\/logo\/image\/\"},\"sameAs\":[\"https:\/\/es-es.facebook.com\/decepietra\/\",\"https:\/\/www.instagram.com\/decepietra\/?locale=es\"],\"email\":\"info@decepietra.com\",\"telephone\":\"+34 965 624 066\",\"foundingDate\":\"2014-10-31\"}]}<\/script>\n<!-- \/ Yoast SEO Premium plugin. -->","yoast_head_json":{"title":"Aviso Legal - Dece \u00e8 Pietra","robots":{"index":"index","follow":"follow","max-snippet":"max-snippet:-1","max-image-preview":"max-image-preview:large","max-video-preview":"max-video-preview:-1"},"canonical":"http:\/\/decepietra.com\/en\/aviso-legal\/","og_locale":"en_GB","og_type":"article","og_title":"Aviso Legal","og_description":"Aviso Legal Dece e Pietra se obliga al cumplimiento de la normativa aplicable sobre el correcto uso y tratamiento de los datos de car\u00e1cter personal y legislaci\u00f3n relativa al comercio electr\u00f3nico.La navegaci\u00f3n en nuestro Sitio Web no requiere ning\u00fan tipo de registro, lo cual permite que visite nuestra p\u00e1gina web sin necesidad de identificarse. Sin ... Read more","og_url":"http:\/\/decepietra.com\/en\/aviso-legal\/","og_site_name":"Dece \u00e8 Pietra","article_publisher":"https:\/\/es-es.facebook.com\/decepietra\/","article_modified_time":"2024-07-18T10:02:18+00:00","twitter_card":"summary_large_image","twitter_misc":{"Estimated reading time":"2 minutes"},"schema":{"@context":"https:\/\/schema.org","@graph":[{"@type":"WebPage","@id":"http:\/\/decepietra.com\/it\/aviso-legal\/","url":"http:\/\/decepietra.com\/it\/aviso-legal\/","name":"Aviso Legal - Dece \u00e8 Pietra","isPartOf":{"@id":"https:\/\/decepietra.com\/#website"},"datePublished":"2024-07-09T05:14:51+00:00","dateModified":"2024-07-18T10:02:18+00:00","breadcrumb":{"@id":"http:\/\/decepietra.com\/it\/aviso-legal\/#breadcrumb"},"inLanguage":"en-GB","potentialAction":[{"@type":"ReadAction","target":["http:\/\/decepietra.com\/it\/aviso-legal\/"]}]},{"@type":"BreadcrumbList","@id":"http:\/\/decepietra.com\/it\/aviso-legal\/#breadcrumb","itemListElement":[{"@type":"ListItem","position":1,"name":"Portada","item":"http:\/\/decepietra.com\/"},{"@type":"ListItem","position":2,"name":"Aviso Legal"}]},{"@type":"WebSite","@id":"https:\/\/decepietra.com\/#website","url":"https:\/\/decepietra.com\/","name":"Dece \u00e8 Pietra","description":"","publisher":{"@id":"https:\/\/decepietra.com\/#organization"},"potentialAction":[{"@type":"SearchAction","target":{"@type":"EntryPoint","urlTemplate":"https:\/\/decepietra.com\/?s={search_term_string}"},"query-input":{"@type":"PropertyValueSpecification","valueRequired":true,"valueName":"search_term_string"}}],"inLanguage":"en-GB"},{"@type":"Organization","@id":"https:\/\/decepietra.com\/#organization","name":"Dece \u00e8 Pietra","url":"https:\/\/decepietra.com\/","logo":{"@type":"ImageObject","inLanguage":"en-GB","@id":"https:\/\/decepietra.com\/#\/schema\/logo\/image\/","url":"https:\/\/decepietra.com\/wp-content\/uploads\/2024\/07\/WhatsApp_Image_2024-07-30_at_10.59.48-removebg-preview.png","contentUrl":"https:\/\/decepietra.com\/wp-content\/uploads\/2024\/07\/WhatsApp_Image_2024-07-30_at_10.59.48-removebg-preview.png","width":150,"height":142,"caption":"Dece \u00e8 Pietra"},"image":{"@id":"https:\/\/decepietra.com\/#\/schema\/logo\/image\/"},"sameAs":["https:\/\/es-es.facebook.com\/decepietra\/","https:\/\/www.instagram.com\/decepietra\/?locale=es"],"email":"info@decepietra.com","telephone":"+34 965 624 066","foundingDate":"2014-10-31"}]}},"_links":{"self":[{"href":"https:\/\/decepietra.com\/en\/wp-json\/wp\/v2\/pages\/391","targetHints":{"allow":["GET"]}}],"collection":[{"href":"https:\/\/decepietra.com\/en\/wp-json\/wp\/v2\/pages"}],"about":[{"href":"https:\/\/decepietra.com\/en\/wp-json\/wp\/v2\/types\/page"}],"author":[{"embeddable":true,"href":"https:\/\/decepietra.com\/en\/wp-json\/wp\/v2\/users\/1"}],"replies":[{"embeddable":true,"href":"https:\/\/decepietra.com\/en\/wp-json\/wp\/v2\/comments?post=391"}],"version-history":[{"count":70,"href":"https:\/\/decepietra.com\/en\/wp-json\/wp\/v2\/pages\/391\/revisions"}],"predecessor-version":[{"id":3112,"href":"https:\/\/decepietra.com\/en\/wp-json\/wp\/v2\/pages\/391\/revisions\/3112"}],"wp:attachment":[{"href":"https:\/\/decepietra.com\/en\/wp-json\/wp\/v2\/media?parent=391"}],"curies":[{"name":"wp","href":"https:\/\/api.w.org\/{rel}","templated":true}]}}