{"id":18,"date":"2024-07-05T14:45:36","date_gmt":"2024-07-05T12:45:36","guid":{"rendered":"https:\/\/decepietra.com\/?page_id=18"},"modified":"2024-08-01T09:12:55","modified_gmt":"2024-08-01T07:12:55","slug":"contacto","status":"publish","type":"page","link":"https:\/\/decepietra.com\/it\/contacto\/","title":{"rendered":"Contatto"},"content":{"rendered":"<div data-elementor-type=\"wp-page\" data-elementor-id=\"18\" class=\"elementor elementor-18\" data-elementor-post-type=\"page\">\n\t\t\t\t<div class=\"elementor-element elementor-element-144b20c e-con-full e-flex e-con e-parent\" data-id=\"144b20c\" data-element_type=\"container\">\n\t\t\t\t<div class=\"elementor-element elementor-element-67a5180 elementor-invisible elementor-widget elementor-widget-heading\" data-id=\"67a5180\" data-element_type=\"widget\" data-settings=\"{&quot;_animation&quot;:&quot;fadeInDown&quot;}\" data-widget_type=\"heading.default\">\n\t\t\t\t<div class=\"elementor-widget-container\">\n\t\t\t\t\t<h2 class=\"elementor-heading-title elementor-size-default\">Contatto<\/h2>\t\t\t\t<\/div>\n\t\t\t\t<\/div>\n\t\t\t\t<\/div>\n\t\t<div class=\"elementor-element elementor-element-35e967a e-con-full e-flex e-con e-parent\" data-id=\"35e967a\" data-element_type=\"container\" data-settings=\"{&quot;background_background&quot;:&quot;classic&quot;}\">\n\t\t<div class=\"elementor-element elementor-element-7a9fec1 e-flex e-con-boxed e-con e-child\" data-id=\"7a9fec1\" data-element_type=\"container\">\n\t\t\t\t\t<div class=\"e-con-inner\">\n\t\t<div class=\"elementor-element elementor-element-4979eae e-con-full e-flex e-con e-child\" data-id=\"4979eae\" data-element_type=\"container\" data-settings=\"{&quot;background_background&quot;:&quot;classic&quot;}\">\n\t\t\t\t<div class=\"elementor-element elementor-element-1e51cf5 elementor-widget elementor-widget-google_maps\" data-id=\"1e51cf5\" data-element_type=\"widget\" data-widget_type=\"google_maps.default\">\n\t\t\t\t<div class=\"elementor-widget-container\">\n\t\t\t\t\t\t\t<div class=\"elementor-custom-embed\">\n\t\t\t<iframe loading=\"lazy\"\n\t\t\t\t\tsrc=\"https:\/\/maps.google.com\/maps?q=Dece%20%C3%A8%20Pietra%20av.%20de%20los%20pinos&#038;t=m&#038;z=10&#038;output=embed&#038;iwloc=near\"\n\t\t\t\t\ttitle=\"Dece \u00e8 Pietra av. de los pinos\"\n\t\t\t\t\taria-label=\"Dece \u00e8 Pietra av. de los pinos\"\n\t\t\t><\/iframe>\n\t\t<\/div>\n\t\t\t\t\t\t<\/div>\n\t\t\t\t<\/div>\n\t\t\t\t<\/div>\n\t\t<div class=\"elementor-element elementor-element-7073708 e-con-full e-flex e-con e-child\" data-id=\"7073708\" data-element_type=\"container\">\n\t\t\t\t<div class=\"elementor-element elementor-element-ce24a39 elementor-widget elementor-widget-heading\" data-id=\"ce24a39\" data-element_type=\"widget\" data-widget_type=\"heading.default\">\n\t\t\t\t<div class=\"elementor-widget-container\">\n\t\t\t\t\t<h5 class=\"elementor-heading-title elementor-size-default\">Ufficio<\/h5>\t\t\t\t<\/div>\n\t\t\t\t<\/div>\n\t\t<div class=\"elementor-element elementor-element-95eb7b3 e-con-full e-flex e-con e-child\" data-id=\"95eb7b3\" data-element_type=\"container\">\n\t\t\t\t<div class=\"elementor-element elementor-element-6fc4ae7 elementor-widget elementor-widget-heading\" data-id=\"6fc4ae7\" data-element_type=\"widget\" data-widget_type=\"heading.default\">\n\t\t\t\t<div class=\"elementor-widget-container\">\n\t\t\t\t\t<h6 class=\"elementor-heading-title elementor-size-default\">Indirizzo<\/h6>\t\t\t\t<\/div>\n\t\t\t\t<\/div>\n\t\t\t\t<div class=\"elementor-element elementor-element-22904c6 elementor-widget elementor-widget-text-editor\" data-id=\"22904c6\" data-element_type=\"widget\" data-widget_type=\"text-editor.default\">\n\t\t\t\t<div class=\"elementor-widget-container\">\n\t\t\t\t\t\t\t\t\tPol\u00edgono Industria, Walaig, naves 2-3, Poligon, 03670, <br>Monforte del Cid, Alicante, Espa\u00f1a\t\t\t\t\t\t\t\t<\/div>\n\t\t\t\t<\/div>\n\t\t\t\t<\/div>\n\t\t<div class=\"elementor-element elementor-element-66835f9 e-con-full e-flex e-con e-child\" data-id=\"66835f9\" data-element_type=\"container\">\n\t\t\t\t<div class=\"elementor-element elementor-element-a5c7783 elementor-widget elementor-widget-heading\" data-id=\"a5c7783\" data-element_type=\"widget\" data-widget_type=\"heading.default\">\n\t\t\t\t<div class=\"elementor-widget-container\">\n\t\t\t\t\t<h6 class=\"elementor-heading-title elementor-size-default\">Orario<\/h6>\t\t\t\t<\/div>\n\t\t\t\t<\/div>\n\t\t\t\t<div class=\"elementor-element elementor-element-392c695 elementor-widget__width-initial elementor-widget elementor-widget-text-editor\" data-id=\"392c695\" data-element_type=\"widget\" data-widget_type=\"text-editor.default\">\n\t\t\t\t<div class=\"elementor-widget-container\">\n\t\t\t\t\t\t\t\t\t<p>De Lunes a Viernes por la ma\u00f1ana:\u00a0 9:00 &#8211; 14:00\u00a0 <br \/>De Lunes a Viernes por la tarde: 16:00 &#8211; 19:00<\/p>\t\t\t\t\t\t\t\t<\/div>\n\t\t\t\t<\/div>\n\t\t\t\t<\/div>\n\t\t<div class=\"elementor-element elementor-element-fa83a88 e-con-full e-flex e-con e-child\" data-id=\"fa83a88\" data-element_type=\"container\">\n\t\t\t\t<div class=\"elementor-element elementor-element-ae62eaa elementor-widget elementor-widget-heading\" data-id=\"ae62eaa\" data-element_type=\"widget\" data-widget_type=\"heading.default\">\n\t\t\t\t<div class=\"elementor-widget-container\">\n\t\t\t\t\t<h6 class=\"elementor-heading-title elementor-size-default\">Tel\u00e9fono y WhatsApp<\/h6>\t\t\t\t<\/div>\n\t\t\t\t<\/div>\n\t\t\t\t<div class=\"elementor-element elementor-element-74d37e4 elementor-widget elementor-widget-text-editor\" data-id=\"74d37e4\" data-element_type=\"widget\" data-widget_type=\"text-editor.default\">\n\t\t\t\t<div class=\"elementor-widget-container\">\n\t\t\t\t\t\t\t\t\t<p>+34 965 624 066<\/p>\t\t\t\t\t\t\t\t<\/div>\n\t\t\t\t<\/div>\n\t\t\t\t<\/div>\n\t\t<div class=\"elementor-element elementor-element-1dff4e7 e-con-full e-flex e-con e-child\" data-id=\"1dff4e7\" data-element_type=\"container\">\n\t\t\t\t<div class=\"elementor-element elementor-element-2a23571 elementor-widget elementor-widget-heading\" data-id=\"2a23571\" data-element_type=\"widget\" data-widget_type=\"heading.default\">\n\t\t\t\t<div class=\"elementor-widget-container\">\n\t\t\t\t\t<h6 class=\"elementor-heading-title elementor-size-default\">Email<\/h6>\t\t\t\t<\/div>\n\t\t\t\t<\/div>\n\t\t\t\t<div class=\"elementor-element elementor-element-301e960 elementor-widget elementor-widget-text-editor\" data-id=\"301e960\" data-element_type=\"widget\" data-widget_type=\"text-editor.default\">\n\t\t\t\t<div class=\"elementor-widget-container\">\n\t\t\t\t\t\t\t\t\t<p>info@decepietra.com<\/p>\t\t\t\t\t\t\t\t<\/div>\n\t\t\t\t<\/div>\n\t\t\t\t<\/div>\n\t\t\t\t<\/div>\n\t\t\t\t\t<\/div>\n\t\t\t\t<\/div>\n\t\t\t\t<\/div>\n\t\t<div class=\"elementor-element elementor-element-9575df0 e-flex e-con-boxed e-con e-parent\" data-id=\"9575df0\" data-element_type=\"container\" data-settings=\"{&quot;background_background&quot;:&quot;classic&quot;}\">\n\t\t\t\t\t<div class=\"e-con-inner\">\n\t\t\t\t<div class=\"elementor-element elementor-element-d60eac7 elementor-widget elementor-widget-heading\" data-id=\"d60eac7\" data-element_type=\"widget\" data-widget_type=\"heading.default\">\n\t\t\t\t<div class=\"elementor-widget-container\">\n\t\t\t\t\t<h2 class=\"elementor-heading-title elementor-size-default\">Come possiamo aiutarvi?<\/h2>\t\t\t\t<\/div>\n\t\t\t\t<\/div>\n\t\t\t\t<div class=\"elementor-element elementor-element-02788d8 elementor-widget elementor-widget-spacer\" data-id=\"02788d8\" data-element_type=\"widget\" data-widget_type=\"spacer.default\">\n\t\t\t\t<div class=\"elementor-widget-container\">\n\t\t\t\t\t\t\t<div class=\"elementor-spacer\">\n\t\t\t<div class=\"elementor-spacer-inner\"><\/div>\n\t\t<\/div>\n\t\t\t\t\t\t<\/div>\n\t\t\t\t<\/div>\n\t\t\t\t<div class=\"elementor-element elementor-element-6d61c61 elementor-widget__width-initial animated-slow elementor-widget-mobile__width-initial elementor-button-align-stretch elementor-invisible elementor-widget elementor-widget-form\" data-id=\"6d61c61\" data-element_type=\"widget\" data-settings=\"{&quot;button_width&quot;:&quot;40&quot;,&quot;step_next_label&quot;:&quot;Next&quot;,&quot;step_previous_label&quot;:&quot;Previous&quot;,&quot;_animation&quot;:&quot;pulse&quot;,&quot;step_type&quot;:&quot;number_text&quot;,&quot;step_icon_shape&quot;:&quot;circle&quot;}\" data-widget_type=\"form.default\">\n\t\t\t\t<div class=\"elementor-widget-container\">\n\t\t\t\t\t\t\t<form class=\"elementor-form\" method=\"post\" name=\"New Form\" action=\"\">\n\t\t\t<input type=\"hidden\" name=\"post_id\" value=\"18\"\/>\n\t\t\t<input type=\"hidden\" name=\"form_id\" value=\"6d61c61\"\/>\n\t\t\t<input type=\"hidden\" name=\"referer_title\" value=\"Contacto - Dece \u00e8 Pietra\" \/>\n\n\t\t\t\t\t\t\t<input type=\"hidden\" name=\"queried_id\" value=\"18\"\/>\n\t\t\t\n\t\t\t<div class=\"elementor-form-fields-wrapper elementor-labels-above\">\n\t\t\t\t\t\t\t\t<div class=\"elementor-field-type-text elementor-field-group elementor-column elementor-field-group-name elementor-col-100\">\n\t\t\t\t\t\t\t\t\t\t\t\t\t<input size=\"1\" type=\"text\" name=\"form_fields[name]\" id=\"form-field-name\" class=\"elementor-field elementor-size-sm  elementor-field-textual\" placeholder=\"Nome\">\n\t\t\t\t\t\t\t\t\t\t\t<\/div>\n\t\t\t\t\t\t\t\t<div class=\"elementor-field-type-email elementor-field-group elementor-column elementor-field-group-email elementor-col-100 elementor-field-required\">\n\t\t\t\t\t\t\t\t\t\t\t\t\t<input size=\"1\" type=\"email\" name=\"form_fields[email]\" id=\"form-field-email\" class=\"elementor-field elementor-size-sm  elementor-field-textual\" placeholder=\"Email\" required=\"required\" aria-required=\"true\">\n\t\t\t\t\t\t\t\t\t\t\t<\/div>\n\t\t\t\t\t\t\t\t<div class=\"elementor-field-type-textarea elementor-field-group elementor-column elementor-field-group-field_bf5af7d elementor-col-100\">\n\t\t\t\t\t<textarea class=\"elementor-field-textual elementor-field  elementor-size-sm\" name=\"form_fields[field_bf5af7d]\" id=\"form-field-field_bf5af7d\" rows=\"4\" placeholder=\"Scrivi la tua domanda\"><\/textarea>\t\t\t\t<\/div>\n\t\t\t\t\t\t\t\t<div class=\"elementor-field-type-acceptance elementor-field-group elementor-column elementor-field-group-message elementor-col-100\">\n\t\t\t\t\t\t\t<div class=\"elementor-field-subgroup\">\n\t\t\t<span class=\"elementor-field-option\">\n\t\t\t\t<input type=\"checkbox\" name=\"form_fields[message]\" id=\"form-field-message\" class=\"elementor-field elementor-size-sm  elementor-acceptance-field\">\n\t\t\t\t<label for=\"form-field-message\">Accetto l'informativa sulla <a href=\"https:\/\/decepietra.com\/it\/politica-de-privacidad\/\" aria-label=\"Ir al sitio web de Decepietra\">privacy<\/a><\/label>\t\t\t<\/span>\n\t\t<\/div>\n\t\t\t\t\t\t<\/div>\n\t\t\t\t\t\t\t\t<div class=\"elementor-field-group elementor-column elementor-field-type-submit elementor-col-40 e-form__buttons\">\n\t\t\t\t\t<button class=\"elementor-button elementor-size-sm\" type=\"submit\">\n\t\t\t\t\t\t<span class=\"elementor-button-content-wrapper\">\n\t\t\t\t\t\t\t\t\t\t\t\t\t\t\t\t\t\t\t\t\t\t<span class=\"elementor-button-text\">Inviare<\/span>\n\t\t\t\t\t\t\t\t\t\t\t\t\t<\/span>\n\t\t\t\t\t<\/button>\n\t\t\t\t<\/div>\n\t\t\t<\/div>\n\t\t<input type=\"hidden\" name=\"trp-form-language\" value=\"it\"\/><\/form>\n\t\t\t\t\t\t<\/div>\n\t\t\t\t<\/div>\n\t\t\t\t\t<\/div>\n\t\t\t\t<\/div>\n\t\t\t\t<\/div>","protected":false},"excerpt":{"rendered":"<p>Contacto Oficina Direcci\u00f3n Pol\u00edgono Industria, Walaig, naves 2-3, Poligon, 03670, Monforte del Cid, Alicante, Espa\u00f1a Horario De Lunes a Viernes por la ma\u00f1ana:\u00a0 9:00 &#8211; 14:00\u00a0 De Lunes a Viernes por la tarde: 16:00 &#8211; 19:00 Tel\u00e9fono y WhatsApp +34 965 624 066 Email info@decepietra.com \u00bfEn qu\u00e9 podemos ayudarte?<\/p>","protected":false},"author":1,"featured_media":0,"parent":0,"menu_order":0,"comment_status":"closed","ping_status":"closed","template":"","meta":{"_joinchat":[],"footnotes":""},"class_list":["post-18","page","type-page","status-publish"],"yoast_head":"<!-- This site is optimized with the Yoast SEO Premium plugin v23.0 (Yoast SEO v25.9) - https:\/\/yoast.com\/wordpress\/plugins\/seo\/ -->\n<title>Contacto - Dece \u00e8 Pietra<\/title>\n<meta name=\"description\" content=\"Resuelve tus dudas sobre las piedras naturales de nuestros almacenes y p\u00eddenos presupuesto y asesoramiento.\" \/>\n<meta name=\"robots\" content=\"index, follow, max-snippet:-1, max-image-preview:large, max-video-preview:-1\" \/>\n<link rel=\"canonical\" href=\"https:\/\/decepietra.com\/it\/contacto\/\" \/>\n<meta property=\"og:locale\" content=\"it_IT\" \/>\n<meta property=\"og:type\" content=\"article\" \/>\n<meta property=\"og:title\" content=\"Contacto\" \/>\n<meta property=\"og:description\" content=\"Resuelve tus dudas sobre las piedras naturales de nuestros almacenes y p\u00eddenos presupuesto y asesoramiento.\" \/>\n<meta property=\"og:url\" content=\"https:\/\/decepietra.com\/it\/contacto\/\" \/>\n<meta property=\"og:site_name\" content=\"Dece \u00e8 Pietra\" \/>\n<meta property=\"article:publisher\" content=\"https:\/\/es-es.facebook.com\/decepietra\/\" \/>\n<meta property=\"article:modified_time\" content=\"2024-08-01T07:12:55+00:00\" \/>\n<meta name=\"twitter:card\" content=\"summary_large_image\" \/>\n<meta name=\"twitter:label1\" content=\"Tempo di lettura stimato\" \/>\n\t<meta name=\"twitter:data1\" content=\"1 minuto\" \/>\n<script type=\"application\/ld+json\" class=\"yoast-schema-graph\">{\"@context\":\"https:\/\/schema.org\",\"@graph\":[{\"@type\":\"WebPage\",\"@id\":\"https:\/\/decepietra.com\/contacto\/\",\"url\":\"https:\/\/decepietra.com\/contacto\/\",\"name\":\"Contacto - Dece \u00e8 Pietra\",\"isPartOf\":{\"@id\":\"https:\/\/decepietra.com\/it\/#website\"},\"datePublished\":\"2024-07-05T12:45:36+00:00\",\"dateModified\":\"2024-08-01T07:12:55+00:00\",\"description\":\"Resuelve tus dudas sobre las piedras naturales de nuestros almacenes y p\u00eddenos presupuesto y asesoramiento.\",\"breadcrumb\":{\"@id\":\"https:\/\/decepietra.com\/contacto\/#breadcrumb\"},\"inLanguage\":\"it-IT\",\"potentialAction\":[{\"@type\":\"ReadAction\",\"target\":[\"https:\/\/decepietra.com\/contacto\/\"]}]},{\"@type\":\"BreadcrumbList\",\"@id\":\"https:\/\/decepietra.com\/contacto\/#breadcrumb\",\"itemListElement\":[{\"@type\":\"ListItem\",\"position\":1,\"name\":\"Portada\",\"item\":\"https:\/\/decepietra.com\/it\/\"},{\"@type\":\"ListItem\",\"position\":2,\"name\":\"Contacto\"}]},{\"@type\":\"WebSite\",\"@id\":\"https:\/\/decepietra.com\/it\/#website\",\"url\":\"https:\/\/decepietra.com\/it\/\",\"name\":\"Dece \u00e8 Pietra\",\"description\":\"\",\"publisher\":{\"@id\":\"https:\/\/decepietra.com\/it\/#organization\"},\"potentialAction\":[{\"@type\":\"SearchAction\",\"target\":{\"@type\":\"EntryPoint\",\"urlTemplate\":\"https:\/\/decepietra.com\/it\/?s={search_term_string}\"},\"query-input\":{\"@type\":\"PropertyValueSpecification\",\"valueRequired\":true,\"valueName\":\"search_term_string\"}}],\"inLanguage\":\"it-IT\"},{\"@type\":\"Organization\",\"@id\":\"https:\/\/decepietra.com\/it\/#organization\",\"name\":\"Dece \u00e8 Pietra\",\"url\":\"https:\/\/decepietra.com\/it\/\",\"logo\":{\"@type\":\"ImageObject\",\"inLanguage\":\"it-IT\",\"@id\":\"https:\/\/decepietra.com\/it\/#\/schema\/logo\/image\/\",\"url\":\"https:\/\/decepietra.com\/wp-content\/uploads\/2024\/07\/WhatsApp_Image_2024-07-30_at_10.59.48-removebg-preview.png\",\"contentUrl\":\"https:\/\/decepietra.com\/wp-content\/uploads\/2024\/07\/WhatsApp_Image_2024-07-30_at_10.59.48-removebg-preview.png\",\"width\":150,\"height\":142,\"caption\":\"Dece \u00e8 Pietra\"},\"image\":{\"@id\":\"https:\/\/decepietra.com\/it\/#\/schema\/logo\/image\/\"},\"sameAs\":[\"https:\/\/es-es.facebook.com\/decepietra\/\",\"https:\/\/www.instagram.com\/decepietra\/?locale=es\"],\"email\":\"info@decepietra.com\",\"telephone\":\"+34 965 624 066\",\"foundingDate\":\"2014-10-31\"}]}<\/script>\n<!-- \/ Yoast SEO Premium plugin. -->","yoast_head_json":{"title":"Contacto - Dece \u00e8 Pietra","description":"Resuelve tus dudas sobre las piedras naturales de nuestros almacenes y p\u00eddenos presupuesto y asesoramiento.","robots":{"index":"index","follow":"follow","max-snippet":"max-snippet:-1","max-image-preview":"max-image-preview:large","max-video-preview":"max-video-preview:-1"},"canonical":"https:\/\/decepietra.com\/it\/contacto\/","og_locale":"it_IT","og_type":"article","og_title":"Contacto","og_description":"Resuelve tus dudas sobre las piedras naturales de nuestros almacenes y p\u00eddenos presupuesto y asesoramiento.","og_url":"https:\/\/decepietra.com\/it\/contacto\/","og_site_name":"Dece \u00e8 Pietra","article_publisher":"https:\/\/es-es.facebook.com\/decepietra\/","article_modified_time":"2024-08-01T07:12:55+00:00","twitter_card":"summary_large_image","twitter_misc":{"Tempo di lettura stimato":"1 minuto"},"schema":{"@context":"https:\/\/schema.org","@graph":[{"@type":"WebPage","@id":"https:\/\/decepietra.com\/contacto\/","url":"https:\/\/decepietra.com\/contacto\/","name":"Contacto - Dece \u00e8 Pietra","isPartOf":{"@id":"https:\/\/decepietra.com\/it\/#website"},"datePublished":"2024-07-05T12:45:36+00:00","dateModified":"2024-08-01T07:12:55+00:00","description":"Resuelve tus dudas sobre las piedras naturales de nuestros almacenes y p\u00eddenos presupuesto y asesoramiento.","breadcrumb":{"@id":"https:\/\/decepietra.com\/contacto\/#breadcrumb"},"inLanguage":"it-IT","potentialAction":[{"@type":"ReadAction","target":["https:\/\/decepietra.com\/contacto\/"]}]},{"@type":"BreadcrumbList","@id":"https:\/\/decepietra.com\/contacto\/#breadcrumb","itemListElement":[{"@type":"ListItem","position":1,"name":"Portada","item":"https:\/\/decepietra.com\/it\/"},{"@type":"ListItem","position":2,"name":"Contacto"}]},{"@type":"WebSite","@id":"https:\/\/decepietra.com\/it\/#website","url":"https:\/\/decepietra.com\/it\/","name":"Dece \u00e8 Pietra","description":"","publisher":{"@id":"https:\/\/decepietra.com\/it\/#organization"},"potentialAction":[{"@type":"SearchAction","target":{"@type":"EntryPoint","urlTemplate":"https:\/\/decepietra.com\/it\/?s={search_term_string}"},"query-input":{"@type":"PropertyValueSpecification","valueRequired":true,"valueName":"search_term_string"}}],"inLanguage":"it-IT"},{"@type":"Organization","@id":"https:\/\/decepietra.com\/it\/#organization","name":"Dece \u00e8 Pietra","url":"https:\/\/decepietra.com\/it\/","logo":{"@type":"ImageObject","inLanguage":"it-IT","@id":"https:\/\/decepietra.com\/it\/#\/schema\/logo\/image\/","url":"https:\/\/decepietra.com\/wp-content\/uploads\/2024\/07\/WhatsApp_Image_2024-07-30_at_10.59.48-removebg-preview.png","contentUrl":"https:\/\/decepietra.com\/wp-content\/uploads\/2024\/07\/WhatsApp_Image_2024-07-30_at_10.59.48-removebg-preview.png","width":150,"height":142,"caption":"Dece \u00e8 Pietra"},"image":{"@id":"https:\/\/decepietra.com\/it\/#\/schema\/logo\/image\/"},"sameAs":["https:\/\/es-es.facebook.com\/decepietra\/","https:\/\/www.instagram.com\/decepietra\/?locale=es"],"email":"info@decepietra.com","telephone":"+34 965 624 066","foundingDate":"2014-10-31"}]}},"_links":{"self":[{"href":"https:\/\/decepietra.com\/it\/wp-json\/wp\/v2\/pages\/18","targetHints":{"allow":["GET"]}}],"collection":[{"href":"https:\/\/decepietra.com\/it\/wp-json\/wp\/v2\/pages"}],"about":[{"href":"https:\/\/decepietra.com\/it\/wp-json\/wp\/v2\/types\/page"}],"author":[{"embeddable":true,"href":"https:\/\/decepietra.com\/it\/wp-json\/wp\/v2\/users\/1"}],"replies":[{"embeddable":true,"href":"https:\/\/decepietra.com\/it\/wp-json\/wp\/v2\/comments?post=18"}],"version-history":[{"count":199,"href":"https:\/\/decepietra.com\/it\/wp-json\/wp\/v2\/pages\/18\/revisions"}],"predecessor-version":[{"id":4336,"href":"https:\/\/decepietra.com\/it\/wp-json\/wp\/v2\/pages\/18\/revisions\/4336"}],"wp:attachment":[{"href":"https:\/\/decepietra.com\/it\/wp-json\/wp\/v2\/media?parent=18"}],"curies":[{"name":"wp","href":"https:\/\/api.w.org\/{rel}","templated":true}]}}