{"id":395,"date":"2024-07-09T07:16:50","date_gmt":"2024-07-09T05:16:50","guid":{"rendered":"https:\/\/decepietra.com\/?page_id=395"},"modified":"2024-07-18T12:03:12","modified_gmt":"2024-07-18T10:03:12","slug":"politica-de-cookies","status":"publish","type":"page","link":"https:\/\/decepietra.com\/it\/politica-de-cookies\/","title":{"rendered":"Politica Sui Cookie"},"content":{"rendered":"<div data-elementor-type=\"wp-page\" data-elementor-id=\"395\" class=\"elementor elementor-395\" data-elementor-post-type=\"page\">\n\t\t\t\t<div class=\"elementor-element elementor-element-58fcda1d e-con-full e-flex e-con e-parent\" data-id=\"58fcda1d\" data-element_type=\"container\" data-settings=\"{&quot;background_background&quot;:&quot;classic&quot;}\">\n\t\t\t\t<div class=\"elementor-element elementor-element-606f332 elementor-widget elementor-widget-spacer\" data-id=\"606f332\" data-element_type=\"widget\" data-widget_type=\"spacer.default\">\n\t\t\t\t<div class=\"elementor-widget-container\">\n\t\t\t\t\t\t\t<div class=\"elementor-spacer\">\n\t\t\t<div class=\"elementor-spacer-inner\"><\/div>\n\t\t<\/div>\n\t\t\t\t\t\t<\/div>\n\t\t\t\t<\/div>\n\t\t\t\t<div class=\"elementor-element elementor-element-641bdf1 elementor-widget elementor-widget-heading\" data-id=\"641bdf1\" data-element_type=\"widget\" data-widget_type=\"heading.default\">\n\t\t\t\t<div class=\"elementor-widget-container\">\n\t\t\t\t\t<h2 class=\"elementor-heading-title elementor-size-default\">Pol\u00edtica De Cookies<\/h2>\t\t\t\t<\/div>\n\t\t\t\t<\/div>\n\t\t\t\t<div class=\"elementor-element elementor-element-20c8d23 elementor-widget elementor-widget-spacer\" data-id=\"20c8d23\" data-element_type=\"widget\" data-widget_type=\"spacer.default\">\n\t\t\t\t<div class=\"elementor-widget-container\">\n\t\t\t\t\t\t\t<div class=\"elementor-spacer\">\n\t\t\t<div class=\"elementor-spacer-inner\"><\/div>\n\t\t<\/div>\n\t\t\t\t\t\t<\/div>\n\t\t\t\t<\/div>\n\t\t\t\t<div class=\"elementor-element elementor-element-60b4a7c elementor-widget__width-initial elementor-widget-laptop__width-initial elementor-widget elementor-widget-text-editor\" data-id=\"60b4a7c\" data-element_type=\"widget\" data-widget_type=\"text-editor.default\">\n\t\t\t\t<div class=\"elementor-widget-container\">\n\t\t\t\t\t\t\t\t\t\n<p>Dece \u00e8 Pietra se obliga al cumplimiento de la normativa aplicable sobre el correcto uso y tratamiento de los datos de car\u00e1cter personal y legislaci\u00f3n relativa al comercio electr\u00f3nico.<br \/>La navegaci\u00f3n en nuestro Sitio Web no requiere ning\u00fan tipo de registro, lo cual permite que visite nuestra p\u00e1gina web sin necesidad de identificarse. Sin embargo, para algunos servicios y en especial aquellos espacios de participaci\u00f3n, es necesario que facilite sus datos personales.<br \/>En tal caso le informaremos caso por caso de la finalidad del tratamiento, responsable del fichero y dem\u00e1s circunstancias relacionadas con datos personales. En estas situaciones, si decide no revelar determinados datos personales solicitados no ser\u00e1 posible el acceso a determinadas secciones de la p\u00e1gina web y no podremos ofrecerles los servicios correspondientes.<br \/>Durante el tratamiento de sus datos personales tomamos medidas dise\u00f1adas adecuadamente para proteger dicha informaci\u00f3n ante posibles p\u00e9rdidas, uso inadecuado, acceso no autorizado, revelaci\u00f3n, alteraci\u00f3n o destrucci\u00f3n.<br \/>En cumplimiento de la Ley Org\u00e1nica 3\/2018, del 5 de diciembre de Protecci\u00f3n de Datos de Car\u00e1cter Personal y Garant\u00eda de los Derechos Digitales, le informamos que mediante la cumplimentaci\u00f3n de cualquiera de los formularios de este sitio web, sus datos quedar\u00e1n incorporados a nuestros ficheros y tratados con el fin de ofrecerle nuestras promociones.<br \/>Puede ejercer sus derechos de acceso, rectificaci\u00f3n cancelaci\u00f3n y oposici\u00f3n de sus datos a trav\u00e9s de info@decepietra.com o Av. Maria Cristina 54 Bajo, Novelda, Alicante.<\/p>\n\t\t\t\t\t\t\t\t<\/div>\n\t\t\t\t<\/div>\n\t\t\t\t<div class=\"elementor-element elementor-element-9ad24c9 elementor-widget elementor-widget-spacer\" data-id=\"9ad24c9\" data-element_type=\"widget\" data-widget_type=\"spacer.default\">\n\t\t\t\t<div class=\"elementor-widget-container\">\n\t\t\t\t\t\t\t<div class=\"elementor-spacer\">\n\t\t\t<div class=\"elementor-spacer-inner\"><\/div>\n\t\t<\/div>\n\t\t\t\t\t\t<\/div>\n\t\t\t\t<\/div>\n\t\t\t\t<div class=\"elementor-element elementor-element-e00d1a5 elementor-widget elementor-widget-shortcode\" data-id=\"e00d1a5\" data-element_type=\"widget\" data-widget_type=\"shortcode.default\">\n\t\t\t\t<div class=\"elementor-widget-container\">\n\t\t\t\t\t\t\t<div class=\"elementor-shortcode\">[ultimate_gdpr_terms_accept]<\/div>\n\t\t\t\t\t\t<\/div>\n\t\t\t\t<\/div>\n\t\t\t\t<\/div>\n\t\t\t\t<\/div>","protected":false},"excerpt":{"rendered":"<p>Pol\u00edtica De Cookies Dece \u00e8 Pietra se obliga al cumplimiento de la normativa aplicable sobre el correcto uso y tratamiento de los datos de car\u00e1cter personal y legislaci\u00f3n relativa al comercio electr\u00f3nico.La navegaci\u00f3n en nuestro Sitio Web no requiere ning\u00fan tipo de registro, lo cual permite que visite nuestra p\u00e1gina web sin necesidad de identificarse. &#8230; <a title=\"Politica Sui Cookie\" class=\"read-more\" href=\"https:\/\/decepietra.com\/it\/politica-de-cookies\/\" aria-label=\"Per saperne di pi\u00f9 su Pol\u00edtica de Cookies\">Leggi tutto<\/a><\/p>","protected":false},"author":1,"featured_media":0,"parent":0,"menu_order":0,"comment_status":"closed","ping_status":"closed","template":"","meta":{"_joinchat":[],"footnotes":""},"class_list":["post-395","page","type-page","status-publish"],"yoast_head":"<!-- This site is optimized with the Yoast SEO Premium plugin v23.0 (Yoast SEO v25.9) - https:\/\/yoast.com\/wordpress\/plugins\/seo\/ -->\n<title>Pol\u00edtica de Cookies - Dece \u00e8 Pietra<\/title>\n<meta name=\"robots\" content=\"index, follow, max-snippet:-1, max-image-preview:large, max-video-preview:-1\" \/>\n<link rel=\"canonical\" href=\"https:\/\/decepietra.com\/it\/politica-de-cookies\/\" \/>\n<meta property=\"og:locale\" content=\"it_IT\" \/>\n<meta property=\"og:type\" content=\"article\" \/>\n<meta property=\"og:title\" content=\"Pol\u00edtica de Cookies\" \/>\n<meta property=\"og:description\" content=\"Pol\u00edtica De Cookies Dece \u00e8 Pietra se obliga al cumplimiento de la normativa aplicable sobre el correcto uso y tratamiento de los datos de car\u00e1cter personal y legislaci\u00f3n relativa al comercio electr\u00f3nico.La navegaci\u00f3n en nuestro Sitio Web no requiere ning\u00fan tipo de registro, lo cual permite que visite nuestra p\u00e1gina web sin necesidad de identificarse. ... Leggi tutto\" \/>\n<meta property=\"og:url\" content=\"https:\/\/decepietra.com\/it\/politica-de-cookies\/\" \/>\n<meta property=\"og:site_name\" content=\"Dece \u00e8 Pietra\" \/>\n<meta property=\"article:publisher\" content=\"https:\/\/es-es.facebook.com\/decepietra\/\" \/>\n<meta property=\"article:modified_time\" content=\"2024-07-18T10:03:12+00:00\" \/>\n<meta name=\"twitter:card\" content=\"summary_large_image\" \/>\n<meta name=\"twitter:label1\" content=\"Tempo di lettura stimato\" \/>\n\t<meta name=\"twitter:data1\" content=\"2 minuti\" \/>\n<script type=\"application\/ld+json\" class=\"yoast-schema-graph\">{\"@context\":\"https:\/\/schema.org\",\"@graph\":[{\"@type\":\"WebPage\",\"@id\":\"https:\/\/decepietra.com\/politica-de-cookies\/\",\"url\":\"https:\/\/decepietra.com\/politica-de-cookies\/\",\"name\":\"Pol\u00edtica de Cookies - Dece \u00e8 Pietra\",\"isPartOf\":{\"@id\":\"https:\/\/decepietra.com\/it\/#website\"},\"datePublished\":\"2024-07-09T05:16:50+00:00\",\"dateModified\":\"2024-07-18T10:03:12+00:00\",\"breadcrumb\":{\"@id\":\"https:\/\/decepietra.com\/politica-de-cookies\/#breadcrumb\"},\"inLanguage\":\"it-IT\",\"potentialAction\":[{\"@type\":\"ReadAction\",\"target\":[\"https:\/\/decepietra.com\/politica-de-cookies\/\"]}]},{\"@type\":\"BreadcrumbList\",\"@id\":\"https:\/\/decepietra.com\/politica-de-cookies\/#breadcrumb\",\"itemListElement\":[{\"@type\":\"ListItem\",\"position\":1,\"name\":\"Portada\",\"item\":\"https:\/\/decepietra.com\/it\/\"},{\"@type\":\"ListItem\",\"position\":2,\"name\":\"Pol\u00edtica de Cookies\"}]},{\"@type\":\"WebSite\",\"@id\":\"https:\/\/decepietra.com\/it\/#website\",\"url\":\"https:\/\/decepietra.com\/it\/\",\"name\":\"Dece \u00e8 Pietra\",\"description\":\"\",\"publisher\":{\"@id\":\"https:\/\/decepietra.com\/it\/#organization\"},\"potentialAction\":[{\"@type\":\"SearchAction\",\"target\":{\"@type\":\"EntryPoint\",\"urlTemplate\":\"https:\/\/decepietra.com\/it\/?s={search_term_string}\"},\"query-input\":{\"@type\":\"PropertyValueSpecification\",\"valueRequired\":true,\"valueName\":\"search_term_string\"}}],\"inLanguage\":\"it-IT\"},{\"@type\":\"Organization\",\"@id\":\"https:\/\/decepietra.com\/it\/#organization\",\"name\":\"Dece \u00e8 Pietra\",\"url\":\"https:\/\/decepietra.com\/it\/\",\"logo\":{\"@type\":\"ImageObject\",\"inLanguage\":\"it-IT\",\"@id\":\"https:\/\/decepietra.com\/it\/#\/schema\/logo\/image\/\",\"url\":\"https:\/\/decepietra.com\/wp-content\/uploads\/2024\/07\/WhatsApp_Image_2024-07-30_at_10.59.48-removebg-preview.png\",\"contentUrl\":\"https:\/\/decepietra.com\/wp-content\/uploads\/2024\/07\/WhatsApp_Image_2024-07-30_at_10.59.48-removebg-preview.png\",\"width\":150,\"height\":142,\"caption\":\"Dece \u00e8 Pietra\"},\"image\":{\"@id\":\"https:\/\/decepietra.com\/it\/#\/schema\/logo\/image\/\"},\"sameAs\":[\"https:\/\/es-es.facebook.com\/decepietra\/\",\"https:\/\/www.instagram.com\/decepietra\/?locale=es\"],\"email\":\"info@decepietra.com\",\"telephone\":\"+34 965 624 066\",\"foundingDate\":\"2014-10-31\"}]}<\/script>\n<!-- \/ Yoast SEO Premium plugin. -->","yoast_head_json":{"title":"Pol\u00edtica de Cookies - Dece \u00e8 Pietra","robots":{"index":"index","follow":"follow","max-snippet":"max-snippet:-1","max-image-preview":"max-image-preview:large","max-video-preview":"max-video-preview:-1"},"canonical":"https:\/\/decepietra.com\/it\/politica-de-cookies\/","og_locale":"it_IT","og_type":"article","og_title":"Pol\u00edtica de Cookies","og_description":"Pol\u00edtica De Cookies Dece \u00e8 Pietra se obliga al cumplimiento de la normativa aplicable sobre el correcto uso y tratamiento de los datos de car\u00e1cter personal y legislaci\u00f3n relativa al comercio electr\u00f3nico.La navegaci\u00f3n en nuestro Sitio Web no requiere ning\u00fan tipo de registro, lo cual permite que visite nuestra p\u00e1gina web sin necesidad de identificarse. ... Leggi tutto","og_url":"https:\/\/decepietra.com\/it\/politica-de-cookies\/","og_site_name":"Dece \u00e8 Pietra","article_publisher":"https:\/\/es-es.facebook.com\/decepietra\/","article_modified_time":"2024-07-18T10:03:12+00:00","twitter_card":"summary_large_image","twitter_misc":{"Tempo di lettura stimato":"2 minuti"},"schema":{"@context":"https:\/\/schema.org","@graph":[{"@type":"WebPage","@id":"https:\/\/decepietra.com\/politica-de-cookies\/","url":"https:\/\/decepietra.com\/politica-de-cookies\/","name":"Pol\u00edtica de Cookies - Dece \u00e8 Pietra","isPartOf":{"@id":"https:\/\/decepietra.com\/it\/#website"},"datePublished":"2024-07-09T05:16:50+00:00","dateModified":"2024-07-18T10:03:12+00:00","breadcrumb":{"@id":"https:\/\/decepietra.com\/politica-de-cookies\/#breadcrumb"},"inLanguage":"it-IT","potentialAction":[{"@type":"ReadAction","target":["https:\/\/decepietra.com\/politica-de-cookies\/"]}]},{"@type":"BreadcrumbList","@id":"https:\/\/decepietra.com\/politica-de-cookies\/#breadcrumb","itemListElement":[{"@type":"ListItem","position":1,"name":"Portada","item":"https:\/\/decepietra.com\/it\/"},{"@type":"ListItem","position":2,"name":"Pol\u00edtica de Cookies"}]},{"@type":"WebSite","@id":"https:\/\/decepietra.com\/it\/#website","url":"https:\/\/decepietra.com\/it\/","name":"Dece \u00e8 Pietra","description":"","publisher":{"@id":"https:\/\/decepietra.com\/it\/#organization"},"potentialAction":[{"@type":"SearchAction","target":{"@type":"EntryPoint","urlTemplate":"https:\/\/decepietra.com\/it\/?s={search_term_string}"},"query-input":{"@type":"PropertyValueSpecification","valueRequired":true,"valueName":"search_term_string"}}],"inLanguage":"it-IT"},{"@type":"Organization","@id":"https:\/\/decepietra.com\/it\/#organization","name":"Dece \u00e8 Pietra","url":"https:\/\/decepietra.com\/it\/","logo":{"@type":"ImageObject","inLanguage":"it-IT","@id":"https:\/\/decepietra.com\/it\/#\/schema\/logo\/image\/","url":"https:\/\/decepietra.com\/wp-content\/uploads\/2024\/07\/WhatsApp_Image_2024-07-30_at_10.59.48-removebg-preview.png","contentUrl":"https:\/\/decepietra.com\/wp-content\/uploads\/2024\/07\/WhatsApp_Image_2024-07-30_at_10.59.48-removebg-preview.png","width":150,"height":142,"caption":"Dece \u00e8 Pietra"},"image":{"@id":"https:\/\/decepietra.com\/it\/#\/schema\/logo\/image\/"},"sameAs":["https:\/\/es-es.facebook.com\/decepietra\/","https:\/\/www.instagram.com\/decepietra\/?locale=es"],"email":"info@decepietra.com","telephone":"+34 965 624 066","foundingDate":"2014-10-31"}]}},"_links":{"self":[{"href":"https:\/\/decepietra.com\/it\/wp-json\/wp\/v2\/pages\/395","targetHints":{"allow":["GET"]}}],"collection":[{"href":"https:\/\/decepietra.com\/it\/wp-json\/wp\/v2\/pages"}],"about":[{"href":"https:\/\/decepietra.com\/it\/wp-json\/wp\/v2\/types\/page"}],"author":[{"embeddable":true,"href":"https:\/\/decepietra.com\/it\/wp-json\/wp\/v2\/users\/1"}],"replies":[{"embeddable":true,"href":"https:\/\/decepietra.com\/it\/wp-json\/wp\/v2\/comments?post=395"}],"version-history":[{"count":25,"href":"https:\/\/decepietra.com\/it\/wp-json\/wp\/v2\/pages\/395\/revisions"}],"predecessor-version":[{"id":3115,"href":"https:\/\/decepietra.com\/it\/wp-json\/wp\/v2\/pages\/395\/revisions\/3115"}],"wp:attachment":[{"href":"https:\/\/decepietra.com\/it\/wp-json\/wp\/v2\/media?parent=395"}],"curies":[{"name":"wp","href":"https:\/\/api.w.org\/{rel}","templated":true}]}}